{"id":3313,"date":"2025-08-21T12:34:41","date_gmt":"2025-08-21T12:34:41","guid":{"rendered":"https:\/\/crunchlab.dk\/faq\/"},"modified":"2025-08-23T18:23:30","modified_gmt":"2025-08-23T18:23:30","slug":"faq","status":"publish","type":"page","link":"https:\/\/crunchlab.dk\/da\/faq\/","title":{"rendered":"FAQ"},"content":{"rendered":"\n\n\t<section class=\"section\" id=\"section_2052891565\">\n\t\t<div class=\"section-bg fill\" >\n\t\t\t\t\t\t\t\t\t\n\t\t\t\n\n\t\t<\/div>\n\n\t\t\n\n\t\t<div class=\"section-content relative\">\n\t\t\t\n\n<div class=\"row align-center\"  id=\"row-1063556920\">\n\n\n\t<div id=\"col-1449870950\" class=\"col medium-10 small-12 large-8\"  >\n\t\t\t\t<div class=\"col-inner text-center\"  >\n\t\t\t\n\t\t\t\n\n<h1>FAQ<\/h1>\n<p>Velkommen til vores FAQ-side \u2014 her finder du alt, hvad du beh\u00f8ver at vide om CrunchLabs spr\u00f8de fryset\u00f8rrede snacks, fra hvordan de fremstilles til forsendelse, returneringer og meget mere. Hvis du ikke kan finde det, du leder efter, er du velkommen til at kontakte os \u2014 vi hj\u00e6lper altid gerne!<\/p>\n\n\t\t<\/div>\n\t\t\t\t\n<style>\n#col-1449870950 > .col-inner {\n  margin: 0px 0px -40px 0px;\n}\n<\/style>\n\t<\/div>\n\n\t\n\n<\/div>\n<div class=\"row align-center\"  id=\"row-282698253\">\n\n\n\t<div id=\"col-806879900\" class=\"col medium-12 small-12 large-10\"  >\n\t\t\t\t<div class=\"col-inner text-left\"  >\n\t\t\t\n\t\t\t\n\n<div class=\"is-divider divider clearfix\" style=\"margin-top:3em;margin-bottom:3em;max-width:100%;background-color:rgb(9, 14, 29);\"><\/div>\n\n<div class=\"row row-collapse\"  id=\"row-1055384725\">\n\n\n\t<div id=\"col-1685665602\" class=\"col medium-12 small-12 large-1\"  >\n\t\t\t\t<div class=\"col-inner\"  >\n\t\t\t\n\t\t\t\n\n\n\t\t<\/div>\n\t\t\t\t\t<\/div>\n\n\t\n\n\t<div id=\"col-167950960\" class=\"col medium-12 small-12 large-10\"  >\n\t\t\t\t<div class=\"col-inner text-left\"  >\n\t\t\t\n\t\t\t\n\n<div class=\"accordion\">\n\n\t<div id=\"accordion-1052967504\" class=\"accordion-item\">\n\t\t<a id=\"accordion-1052967504-label\" class=\"accordion-title plain\" href=\"#accordion-item-1.-hvad-er-fryset\u00f8rret-frugt?\" aria-expanded=\"false\" aria-controls=\"accordion-1052967504-content\">\n\t\t\t<button class=\"toggle\" aria-label=\"Sl\u00e5 til\/fra\"><i class=\"icon-angle-down\" aria-hidden=\"true\"><\/i><\/button>\n\t\t\t<span>1. Hvad er fryset\u00f8rret frugt?<\/span>\n\t\t<\/a>\n\t\t<div id=\"accordion-1052967504-content\" class=\"accordion-inner\" aria-labelledby=\"accordion-1052967504-label\">\n\t\t\t\n\n<p data-start=\"203\" data-end=\"420\">Fryset\u00f8rring er en proces, der fjerner vand fra frisk frugt ved meget lave temperaturer, hvilket bevarer den naturlige smag, farve og n\u00e6ringsstoffer \u2014 men giver den en let, spr\u00f8d tekstur.<\/p>\n\n\t\t<\/div>\n\t<\/div>\n\t\n\t<div id=\"accordion-867318310\" class=\"accordion-item\">\n\t\t<a id=\"accordion-867318310-label\" class=\"accordion-title plain\" href=\"#accordion-item-2.-er-jeres-snacks-sunde?\" aria-expanded=\"false\" aria-controls=\"accordion-867318310-content\">\n\t\t\t<button class=\"toggle\" aria-label=\"Sl\u00e5 til\/fra\"><i class=\"icon-angle-down\" aria-hidden=\"true\"><\/i><\/button>\n\t\t\t<span>2. Er jeres snacks sunde?<\/span>\n\t\t<\/a>\n\t\t<div id=\"accordion-867318310-content\" class=\"accordion-inner\" aria-labelledby=\"accordion-867318310-label\">\n\t\t\t\n\n<p data-start=\"422\" data-end=\"636\">Ja! Vores fryset\u00f8rrede frugter er lavet af \u00e6gte frugt uden tilsat sukker eller konserveringsmidler (medmindre andet er angivet p\u00e5 emballagen). De er naturligt s\u00f8de, spr\u00f8de og fulde af smag.<\/p>\n\n\t\t<\/div>\n\t<\/div>\n\t\n\t<div id=\"accordion-4289313775\" class=\"accordion-item\">\n\t\t<a id=\"accordion-4289313775-label\" class=\"accordion-title plain\" href=\"#accordion-item-3.-hvordan-skal-jeg-opbevare-fryset\u00f8rret-frugt?\" aria-expanded=\"false\" aria-controls=\"accordion-4289313775-content\">\n\t\t\t<button class=\"toggle\" aria-label=\"Sl\u00e5 til\/fra\"><i class=\"icon-angle-down\" aria-hidden=\"true\"><\/i><\/button>\n\t\t\t<span>3. Hvordan skal jeg opbevare fryset\u00f8rret frugt?<\/span>\n\t\t<\/a>\n\t\t<div id=\"accordion-4289313775-content\" class=\"accordion-inner\" aria-labelledby=\"accordion-4289313775-label\">\n\t\t\t\n\n<p data-start=\"638\" data-end=\"798\">Hold posen forseglet og opbevar den p\u00e5 et k\u00f8ligt, t\u00f8rt sted. Efter \u00e5bning skal indholdet spises inden for f\u00e5 dage for at bevare den bedste spr\u00f8dhed.<\/p>\n\n\t\t<\/div>\n\t<\/div>\n\t\n\t<div id=\"accordion-726024173\" class=\"accordion-item\">\n\t\t<a id=\"accordion-726024173-label\" class=\"accordion-title plain\" href=\"#accordion-item-4.-hvor-l\u00e6nge-holder-produkterne?\" aria-expanded=\"false\" aria-controls=\"accordion-726024173-content\">\n\t\t\t<button class=\"toggle\" aria-label=\"Sl\u00e5 til\/fra\"><i class=\"icon-angle-down\" aria-hidden=\"true\"><\/i><\/button>\n\t\t\t<span>4. Hvor l\u00e6nge holder produkterne?<\/span>\n\t\t<\/a>\n\t\t<div id=\"accordion-726024173-content\" class=\"accordion-inner\" aria-labelledby=\"accordion-726024173-label\">\n\t\t\t\n\n<p>Fryset\u00f8rret frugt har en lang holdbarhed \u2014 typisk 12-18 m\u00e5neder u\u00e5bnet. Tjek altid \u00bbbedst f\u00f8r\u00ab-datoen p\u00e5 pakken.<\/p>\n\n\t\t<\/div>\n\t<\/div>\n\t\n\t<div id=\"accordion-4251832337\" class=\"accordion-item\">\n\t\t<a id=\"accordion-4251832337-label\" class=\"accordion-title plain\" href=\"#accordion-item-5.-tils\u00e6tter-i-sukker-eller-kunstige-ingredienser?\" aria-expanded=\"false\" aria-controls=\"accordion-4251832337-content\">\n\t\t\t<button class=\"toggle\" aria-label=\"Sl\u00e5 til\/fra\"><i class=\"icon-angle-down\" aria-hidden=\"true\"><\/i><\/button>\n\t\t\t<span>5. Tils\u00e6tter I sukker eller kunstige ingredienser?<\/span>\n\t\t<\/a>\n\t\t<div id=\"accordion-4251832337-content\" class=\"accordion-inner\" aria-labelledby=\"accordion-4251832337-label\">\n\t\t\t\n\n<p>Nej \u2014 vores frugter er simpelthen fryset\u00f8rrede. Nogle snacks (som yoghurt eller is) kan indeholde naturlige sukkerarter eller m\u00e6lkeprodukter, men vi angiver altid alle ingredienser tydeligt p\u00e5 emballagen.<\/p>\n\n\t\t<\/div>\n\t<\/div>\n\t\n\t<div id=\"accordion-4038789537\" class=\"accordion-item\">\n\t\t<a id=\"accordion-4038789537-label\" class=\"accordion-title plain\" href=\"#accordion-item-6.-er-produkterne-veganske-eller-glutenfri?\" aria-expanded=\"false\" aria-controls=\"accordion-4038789537-content\">\n\t\t\t<button class=\"toggle\" aria-label=\"Sl\u00e5 til\/fra\"><i class=\"icon-angle-down\" aria-hidden=\"true\"><\/i><\/button>\n\t\t\t<span>6. Er produkterne veganske eller glutenfri?<\/span>\n\t\t<\/a>\n\t\t<div id=\"accordion-4038789537-content\" class=\"accordion-inner\" aria-labelledby=\"accordion-4038789537-label\">\n\t\t\t\n\n<p>Vores frugter er 100% veganske og glutenfri. Nogle af vores andre snacks, som yoghurt eller is, kan indeholde m\u00e6lkeprodukter \u2014 tjek etiketten for detaljer.<\/p>\n\n\t\t<\/div>\n\t<\/div>\n\t\n\t<div id=\"accordion-1493747895\" class=\"accordion-item\">\n\t\t<a id=\"accordion-1493747895-label\" class=\"accordion-title plain\" href=\"#accordion-item-7.-hvor-sender-i-til?\" aria-expanded=\"false\" aria-controls=\"accordion-1493747895-content\">\n\t\t\t<button class=\"toggle\" aria-label=\"Sl\u00e5 til\/fra\"><i class=\"icon-angle-down\" aria-hidden=\"true\"><\/i><\/button>\n\t\t\t<span>7. Hvor sender I til?<\/span>\n\t\t<\/a>\n\t\t<div id=\"accordion-1493747895-content\" class=\"accordion-inner\" aria-labelledby=\"accordion-1493747895-label\">\n\t\t\t\n\n<p data-start=\"90\" data-end=\"267\">Vi sender til det meste af Europa og mange andre steder i verden. Tilg\u00e6ngelige forsendelsesmuligheder og omkostninger vil blive vist ved checkout baseret p\u00e5 din adresse.<\/p>\n\n\t\t<\/div>\n\t<\/div>\n\t\n\t<div id=\"accordion-3993400529\" class=\"accordion-item\">\n\t\t<a id=\"accordion-3993400529-label\" class=\"accordion-title plain\" href=\"#accordion-item-8.-hvor-lang-tid-tager-leveringen?\" aria-expanded=\"false\" aria-controls=\"accordion-3993400529-content\">\n\t\t\t<button class=\"toggle\" aria-label=\"Sl\u00e5 til\/fra\"><i class=\"icon-angle-down\" aria-hidden=\"true\"><\/i><\/button>\n\t\t\t<span>8. Hvor lang tid tager leveringen?<\/span>\n\t\t<\/a>\n\t\t<div id=\"accordion-3993400529-content\" class=\"accordion-inner\" aria-labelledby=\"accordion-3993400529-label\">\n\t\t\t\n\n<p>Ordrer behandles normalt inden for 2 arbejdsdage og leveres inden for 7 dage, afh\u00e6ngigt af din lokation og valgte forsendelsesmetode.<\/p>\n\n\t\t<\/div>\n\t<\/div>\n\t\n\t<div id=\"accordion-2173802730\" class=\"accordion-item\">\n\t\t<a id=\"accordion-2173802730-label\" class=\"accordion-title plain\" href=\"#accordion-item-9.-kan-jeg-returnere-eller-bytte-min-ordre?\" aria-expanded=\"false\" aria-controls=\"accordion-2173802730-content\">\n\t\t\t<button class=\"toggle\" aria-label=\"Sl\u00e5 til\/fra\"><i class=\"icon-angle-down\" aria-hidden=\"true\"><\/i><\/button>\n\t\t\t<span>9. Kan jeg returnere eller bytte min ordre?<\/span>\n\t\t<\/a>\n\t\t<div id=\"accordion-2173802730-content\" class=\"accordion-inner\" aria-labelledby=\"accordion-2173802730-label\">\n\t\t\t\n\n<p>Ja \u2014 u\u00e5bnede og ubeskadigede produkter kan returneres inden for 14 dage. Se venligst vores Vilk\u00e5r  betingelser for detaljer.<\/p>\n\n\t\t<\/div>\n\t<\/div>\n\t\n\t<div id=\"accordion-1936485560\" class=\"accordion-item\">\n\t\t<a id=\"accordion-1936485560-label\" class=\"accordion-title plain\" href=\"#accordion-item-10.-tilbyder-i-bulk--eller-engrosordrer?\" aria-expanded=\"false\" aria-controls=\"accordion-1936485560-content\">\n\t\t\t<button class=\"toggle\" aria-label=\"Sl\u00e5 til\/fra\"><i class=\"icon-angle-down\" aria-hidden=\"true\"><\/i><\/button>\n\t\t\t<span>10. Tilbyder I bulk- eller engrosordrer?<\/span>\n\t\t<\/a>\n\t\t<div id=\"accordion-1936485560-content\" class=\"accordion-inner\" aria-labelledby=\"accordion-1936485560-label\">\n\t\t\t\n\n<p>Ja! Hvis du er interesseret i st\u00f8rre m\u00e6ngder eller engros, kontakt os direkte p\u00e5 info@crunchlab.dk<\/p>\n\n\t\t<\/div>\n\t<\/div>\n\t\n\n<\/div>\n\n\t\t<\/div>\n\t\t\t\t\t<\/div>\n\n\t\n\n<\/div>\n<div class=\"is-divider divider clearfix\" style=\"margin-top:3em;margin-bottom:3em;max-width:100%;background-color:rgb(9, 14, 29);\"><\/div>\n\n<div class=\"row align-center\"  id=\"row-584175096\">\n\n\n\t<div id=\"col-1726142321\" class=\"col small-12 large-12\"  >\n\t\t\t\t<div class=\"col-inner text-center\" style=\"background-color:rgb(244, 244, 244);\" >\n\t\t\t\n\t\t\t\n\n<h3>Har du stadig et sp\u00f8rgsm\u00e5l?<\/h3>\n<p>Kontakt os venligst for mere information.<\/p>\n<a href=\"https:\/\/crunchlab.dk\/da\/kontakt-os\/\" class=\"button primary\" >\n\t\t<span>Kontakt os<\/span>\n\t<\/a>\n\n\n\n\t\t<\/div>\n\t\t\t\t\t<\/div>\n\n\t\n\n\n<style>\n#row-584175096 > .col > .col-inner {\n  padding: 40px 20px 40px 20px;\n  background-color: rgb(244, 244, 244);\n}\n@media (min-width:550px) {\n  #row-584175096 > .col > .col-inner {\n    padding: 40px 40px 40px 40px;\n  }\n}\n<\/style>\n<\/div>\n\n\t\t<\/div>\n\t\t\t\t\t<\/div>\n\n\t\n\n<\/div>\n\n\t\t<\/div>\n\n\t\t\n<style>\n#section_2052891565 {\n  padding-top: 60px;\n  padding-bottom: 60px;\n}\n<\/style>\n\t<\/section>\n\t\n\n","protected":false},"excerpt":{"rendered":"","protected":false},"author":1,"featured_media":0,"parent":0,"menu_order":0,"comment_status":"closed","ping_status":"closed","template":"","meta":{"footnotes":""},"class_list":["post-3313","page","type-page","status-publish","hentry"],"_links":{"self":[{"href":"https:\/\/crunchlab.dk\/da\/wp-json\/wp\/v2\/pages\/3313","targetHints":{"allow":["GET"]}}],"collection":[{"href":"https:\/\/crunchlab.dk\/da\/wp-json\/wp\/v2\/pages"}],"about":[{"href":"https:\/\/crunchlab.dk\/da\/wp-json\/wp\/v2\/types\/page"}],"author":[{"embeddable":true,"href":"https:\/\/crunchlab.dk\/da\/wp-json\/wp\/v2\/users\/1"}],"replies":[{"embeddable":true,"href":"https:\/\/crunchlab.dk\/da\/wp-json\/wp\/v2\/comments?post=3313"}],"version-history":[{"count":4,"href":"https:\/\/crunchlab.dk\/da\/wp-json\/wp\/v2\/pages\/3313\/revisions"}],"predecessor-version":[{"id":3514,"href":"https:\/\/crunchlab.dk\/da\/wp-json\/wp\/v2\/pages\/3313\/revisions\/3514"}],"wp:attachment":[{"href":"https:\/\/crunchlab.dk\/da\/wp-json\/wp\/v2\/media?parent=3313"}],"curies":[{"name":"wp","href":"https:\/\/api.w.org\/{rel}","templated":true}]}}