{"id":3325,"date":"2025-08-21T10:42:26","date_gmt":"2025-08-21T10:42:26","guid":{"rendered":"https:\/\/crunchlab.dk\/vilkaar-og-betingelser\/"},"modified":"2025-08-23T17:37:07","modified_gmt":"2025-08-23T17:37:07","slug":"vilkaar-og-betingelser","status":"publish","type":"page","link":"https:\/\/crunchlab.dk\/da\/vilkaar-og-betingelser\/","title":{"rendered":"Vilk\u00e5r og betingelser"},"content":{"rendered":"\n<h2 class=\"wp-block-heading\">Vilk\u00e5r og betingelser<\/h2>\n\n<p><strong>1. Generelt<\/strong><br\/>Disse vilk\u00e5r og betingelser g\u00e6lder for alle k\u00f8b foretaget via CrunchLabs webshop. Ved at afgive en ordre accepterer du disse vilk\u00e5r. <\/p>\n\n<p><strong>2. Produkter<\/strong><br\/>CrunchLab tilbyder fryset\u00f8rrede frugter og andre spr\u00f8de snacks. Vi bestr\u00e6ber os p\u00e5 at levere pr\u00e6cise produktbeskrivelser og billeder, men der kan forekomme sm\u00e5 variationer i smag, udseende og emballage. <\/p>\n\n<p><strong>3. Priser og Betaling<\/strong><br\/>Alle priser er angivet i [valuta] og inkluderer g\u00e6ldende moms, medmindre andet er angivet. Betaling skal ske ved k\u00f8b ved hj\u00e6lp af de tilg\u00e6ngelige betalingsmetoder. <\/p>\n\n<p><strong>4. Forsendelse og Levering<\/strong><br\/>Ordrer sendes til den adresse, der er angivet ved kassen. Leveringstiderne varierer afh\u00e6ngigt af destination og transport\u00f8r. Vi er ikke ansvarlige for forsinkelser for\u00e5rsaget af eksterne faktorer.  <\/p>\n\n<p><strong>5. Returnering og Returret<\/strong><br\/>Du har ret til at returnere u\u00e5bnede og ubeskadigede produkter inden for 14 dage efter modtagelse af din ordre. Kontakt os venligst, inden du returnerer varer. Omkostninger ved returnering afholdes af kunden, medmindre returneringen skyldes en fejl fra vores side.  <\/p>\n\n<p><strong>6. Klager og Defekte produkter<\/strong><br\/>If you receive a defective or incorrect product, please notify us within 7 days. We will arrange for replacement or refund according to applicable consumer laws. <\/p>\n\n<p><strong>7. Forpligtelser<\/strong><br\/>CrunchLab er ikke ansvarlig for indirekte tab, herunder, men ikke begr\u00e6nset til, tabt fortjeneste, medmindre andet er p\u00e5kr\u00e6vet ved lov.<\/p>\n\n<p><strong>8. Privatliv<\/strong><br\/>Vi behandler dine personlige oplysninger i overensstemmelse med g\u00e6ldende databeskyttelsesregler. Oplysninger, der gives under betalingsprocessen, vil kun blive brugt til at gennemf\u00f8re din ordre. <\/p>\n\n<p><strong>9. G\u00e6ldende lov<\/strong><br\/>Disse vilk\u00e5r og betingelser er underlagt dansk lov.<\/p>\n","protected":false},"excerpt":{"rendered":"<p>Vilk\u00e5r og betingelser 1. GenereltDisse vilk\u00e5r og betingelser g\u00e6lder for alle k\u00f8b foretaget via CrunchLabs webshop. Ved at afgive en ordre accepterer du disse vilk\u00e5r. 2. ProdukterCrunchLab tilbyder fryset\u00f8rrede frugter og andre spr\u00f8de snacks. Vi bestr\u00e6ber os p\u00e5 at levere pr\u00e6cise produktbeskrivelser og billeder, men der kan forekomme sm\u00e5 variationer i smag, udseende og emballage. [&#8230;]\n","protected":false},"author":1,"featured_media":0,"parent":0,"menu_order":0,"comment_status":"closed","ping_status":"closed","template":"","meta":{"footnotes":""},"class_list":["post-3325","page","type-page","status-publish","hentry"],"_links":{"self":[{"href":"https:\/\/crunchlab.dk\/da\/wp-json\/wp\/v2\/pages\/3325","targetHints":{"allow":["GET"]}}],"collection":[{"href":"https:\/\/crunchlab.dk\/da\/wp-json\/wp\/v2\/pages"}],"about":[{"href":"https:\/\/crunchlab.dk\/da\/wp-json\/wp\/v2\/types\/page"}],"author":[{"embeddable":true,"href":"https:\/\/crunchlab.dk\/da\/wp-json\/wp\/v2\/users\/1"}],"replies":[{"embeddable":true,"href":"https:\/\/crunchlab.dk\/da\/wp-json\/wp\/v2\/comments?post=3325"}],"version-history":[{"count":3,"href":"https:\/\/crunchlab.dk\/da\/wp-json\/wp\/v2\/pages\/3325\/revisions"}],"predecessor-version":[{"id":3497,"href":"https:\/\/crunchlab.dk\/da\/wp-json\/wp\/v2\/pages\/3325\/revisions\/3497"}],"wp:attachment":[{"href":"https:\/\/crunchlab.dk\/da\/wp-json\/wp\/v2\/media?parent=3325"}],"curies":[{"name":"wp","href":"https:\/\/api.w.org\/{rel}","templated":true}]}}