{"id":3331,"date":"2025-08-03T15:41:51","date_gmt":"2025-08-03T15:41:51","guid":{"rendered":"https:\/\/crunchlab.dk\/product\/fersken\/"},"modified":"2025-08-03T15:41:51","modified_gmt":"2025-08-03T15:41:51","slug":"fersken","status":"publish","type":"product","link":"https:\/\/crunchlab.dk\/da\/vare\/fersken\/","title":{"rendered":"Fersken"},"content":{"rendered":"<h2 data-start=\"117\" data-end=\"175\">Opdag den perfekte blanding af n\u00e6ring og s\u00f8dme<\/h2>\n<p data-start=\"176\" data-end=\"606\">Fryset\u00f8rret fersken indfanger den solmodne essens af friske ferskner fra frugtplantagen i en let og spr\u00f8d form. Naturligt saftige og duftende ferskner er elsket for deres fl\u00f8jlsbl\u00f8de tekstur og delikate s\u00f8dme. Gennem fryset\u00f8rringsprocessen bevarer vi smagen og n\u00e6ringsstofferne fra h\u00f8js\u00e6sonens ferskner \u2013 og leverer en sund snack, der er lige s\u00e5 l\u00e6kker, som den er praktisk. Det er den perfekte m\u00e5de at nyde smagen af \u200b\u200bsommer hele \u00e5ret rundt.<\/p>\n<h2 data-start=\"608\" data-end=\"646\">Enest\u00e5ende kvalitet, du kan stole p\u00e5<\/h2>\n<p data-start=\"647\" data-end=\"1037\">Vores fryset\u00f8rrede fersken er lavet af f\u00f8rsteklasses, h\u00e5ndplukkede ferskner og omhyggeligt forarbejdet for at bevare deres naturligt rige smag og n\u00e6ringsprofil. Uden tilsat sukker, konserveringsmidler eller kunstige smagsstoffer tilbyder hver bid en ren, frugtagtig oplevelse. Uanset om du blander den i havregryn, yoghurt, trailmix eller nyder den alene, vil du elske dens tilfredsstillende knas og milde s\u00f8dme.<\/p>\n<h2 data-start=\"1039\" data-end=\"1070\">L\u00e5s op for sundhedsfordelene<\/h2>\n<p data-start=\"1071\" data-end=\"1426\">Ferskner er en rig kilde til C-vitamin, A-vitamin og kostfibre, der underst\u00f8tter immunforsvaret, en sund hud og en balance i ford\u00f8jelsen. Fryset\u00f8rring sikrer, at disse fordele bevares, samtidig med at frugten f\u00e5r en lang holdbarhed og forbedret b\u00e6rbarhed. Det er en smart og velsmagende m\u00e5de at n\u00e6re din krop p\u00e5 farten \u2013 uden at ofre friskhed eller n\u00e6ring.<\/p>\n<h2 data-start=\"1428\" data-end=\"1468\">Hvorfor v\u00e6lge fryset\u00f8rret frem for frisk?<\/h2>\n<p data-start=\"1469\" data-end=\"1797\">Friske ferskner f\u00e5r let bl\u00e5 m\u00e6rker og ford\u00e6rves hurtigt, men deres fryset\u00f8rrede modstykke tilbyder langvarig friskhed uden besv\u00e6r. Fryset\u00f8rret fersken er let, holdbar og klar til at spise, ideel til rejser, madkasser eller opbevaring i spisekammeret. Dens spr\u00f8de tekstur og naturligt s\u00f8de smag g\u00f8r den til en tilfredsstillende snack for alle aldre.<\/p>\n<p data-start=\"1799\" data-end=\"1942\">Fork\u00e6l dig selv med smagen af \u200b\u200bsolmodne ferskner \u2013 n\u00e5r som helst, hvor som helst \u2013 med fryset\u00f8rret fersken. Sund, l\u00e6kker og uendeligt alsidig.<\/p>\n","protected":false},"excerpt":{"rendered":"<p>Opdag den perfekte blanding af n\u00e6ring og s\u00f8dme Fryset\u00f8rret fersken indfanger den solmodne essens af friske ferskner fra frugtplantagen i en let og spr\u00f8d form. Naturligt saftige og duftende ferskner er elsket for deres fl\u00f8jlsbl\u00f8de tekstur og delikate s\u00f8dme. Gennem fryset\u00f8rringsprocessen bevarer vi smagen og n\u00e6ringsstofferne fra h\u00f8js\u00e6sonens ferskner \u2013 og leverer en sund snack, [&#8230;]\n","protected":false},"featured_media":3170,"comment_status":"open","ping_status":"closed","template":"","meta":[],"product_brand":[],"product_cat":[97],"product_tag":[],"class_list":{"0":"post-3331","1":"product","2":"type-product","3":"status-publish","4":"has-post-thumbnail","6":"product_cat-frugt","8":"first","9":"instock","10":"sale","11":"shipping-taxable","12":"purchasable","13":"product-type-variable"},"_links":{"self":[{"href":"https:\/\/crunchlab.dk\/da\/wp-json\/wp\/v2\/product\/3331","targetHints":{"allow":["GET"]}}],"collection":[{"href":"https:\/\/crunchlab.dk\/da\/wp-json\/wp\/v2\/product"}],"about":[{"href":"https:\/\/crunchlab.dk\/da\/wp-json\/wp\/v2\/types\/product"}],"replies":[{"embeddable":true,"href":"https:\/\/crunchlab.dk\/da\/wp-json\/wp\/v2\/comments?post=3331"}],"wp:featuredmedia":[{"embeddable":true,"href":"https:\/\/crunchlab.dk\/da\/wp-json\/wp\/v2\/media\/3170"}],"wp:attachment":[{"href":"https:\/\/crunchlab.dk\/da\/wp-json\/wp\/v2\/media?parent=3331"}],"wp:term":[{"taxonomy":"product_brand","embeddable":true,"href":"https:\/\/crunchlab.dk\/da\/wp-json\/wp\/v2\/product_brand?post=3331"},{"taxonomy":"product_cat","embeddable":true,"href":"https:\/\/crunchlab.dk\/da\/wp-json\/wp\/v2\/product_cat?post=3331"},{"taxonomy":"product_tag","embeddable":true,"href":"https:\/\/crunchlab.dk\/da\/wp-json\/wp\/v2\/product_tag?post=3331"}],"curies":[{"name":"wp","href":"https:\/\/api.w.org\/{rel}","templated":true}]}}