{"id":3463,"date":"2025-08-15T22:30:32","date_gmt":"2025-08-15T22:30:32","guid":{"rendered":"https:\/\/crunchlab.dk\/product\/simpelt-mix-sortiment-4-varianter\/"},"modified":"2025-08-24T13:33:32","modified_gmt":"2025-08-24T13:33:32","slug":"simpelt-mix-sortiment-4-varianter","status":"publish","type":"product","link":"https:\/\/crunchlab.dk\/da\/vare\/simpelt-mix-sortiment-4-varianter\/","title":{"rendered":"Simpelt mix-sortiment (4 varianter)"},"content":{"rendered":"<h2 data-start=\"153\" data-end=\"208\">Oplev den perfekte personlige snackoplevelse<\/h2>\n<p data-start=\"209\" data-end=\"544\">Med <strong data-start=\"213\" data-end=\"233\">4 Mix-sortimentet<\/strong> kan du sammens\u00e6tte din egen unikke blanding af smag og n\u00e6ring ved at v\u00e6lge <strong data-start=\"312\" data-end=\"327\">4 varianter<\/strong> fra vores premium-kollektion af frugter og godbidder. Dette brugerdefinerede sortiment f\u00e5s i 50 g, 250 g eller 1000 g og er perfekt til dem, der \u00f8nsker b\u00e5de valgfrihed og bekvemmelighed \u2013 alt sammen i \u00e9t omhyggeligt pakket s\u00e6t.<\/p>\n<h2 data-start=\"546\" data-end=\"584\">Enest\u00e5ende kvalitet, du kan stole p\u00e5<\/h2>\n<p data-start=\"585\" data-end=\"951\">Hver ingrediens i vores sortiment er lavet af \u00e6gte f\u00f8devarer af h\u00f8j kvalitet \u2013 uanset om det er h\u00e5ndplukket, moden frugt, der er blevet fryset\u00f8rret forsigtigt, eller l\u00e6kre, cremede tils\u00e6tningsstoffer som Oreo-is og yoghurt. Uden tilsat sukker, konserveringsmidler eller kunstige smagsstoffer er du garanteret en ren og tilfredsstillende snackoplevelse, skr\u00e6ddersyet til dine pr\u00e6ferencer.<\/p>\n<h2 data-start=\"953\" data-end=\"986\">Dine smagsmuligheder inkluderer:<\/h2>\n<p data-start=\"987\" data-end=\"1025\">V\u00e6lg <strong data-start=\"998\" data-end=\"1022\">4 af f\u00f8lgende<\/strong> :<\/p>\n<ul data-start=\"1026\" data-end=\"1280\">\n<li data-start=\"1026\" data-end=\"1040\">\n<p data-start=\"1028\" data-end=\"1040\"><strong data-start=\"1028\" data-end=\"1038\">Banan<\/strong><\/p>\n<\/li>\n<li data-start=\"1041\" data-end=\"1059\">\n<p data-start=\"1043\" data-end=\"1059\"><strong data-start=\"1043\" data-end=\"1057\">Cantaloupemelon<\/strong><\/p>\n<\/li>\n<li data-start=\"1060\" data-end=\"1080\">\n<p data-start=\"1062\" data-end=\"1080\"><strong data-start=\"1062\" data-end=\"1078\">Dragefrugt<\/strong><\/p>\n<\/li>\n<li data-start=\"1081\" data-end=\"1092\">\n<p data-start=\"1083\" data-end=\"1092\"><strong data-start=\"1083\" data-end=\"1090\">Fig.<\/strong><\/p>\n<\/li>\n<li data-start=\"1093\" data-end=\"1105\">\n<p data-start=\"1095\" data-end=\"1105\"><strong data-start=\"1095\" data-end=\"1103\">Kiwi<\/strong><\/p>\n<\/li>\n<li data-start=\"1106\" data-end=\"1119\">\n<p data-start=\"1108\" data-end=\"1119\"><strong data-start=\"1108\" data-end=\"1117\">Mango<\/strong><\/p>\n<\/li>\n<li data-start=\"1120\" data-end=\"1176\">\n<p data-start=\"1122\" data-end=\"1176\"><strong data-start=\"1122\" data-end=\"1149\">Oreo-issandwich<\/strong> <em data-start=\"1150\" data-end=\"1174\">(t\u00e6ller som 2 portioner)<\/em><\/p>\n<\/li>\n<li data-start=\"1177\" data-end=\"1198\">\n<p data-start=\"1179\" data-end=\"1198\"><strong data-start=\"1179\" data-end=\"1196\">Passionsfrugt<\/strong><\/p>\n<\/li>\n<li data-start=\"1199\" data-end=\"1212\">\n<p data-start=\"1201\" data-end=\"1212\"><strong data-start=\"1201\" data-end=\"1210\">Fersken<\/strong><\/p>\n<\/li>\n<li data-start=\"1213\" data-end=\"1230\">\n<p data-start=\"1215\" data-end=\"1230\"><strong data-start=\"1215\" data-end=\"1228\">Persimmon<\/strong><\/p>\n<\/li>\n<li data-start=\"1231\" data-end=\"1248\">\n<p data-start=\"1233\" data-end=\"1248\"><strong data-start=\"1233\" data-end=\"1246\">Ananas<\/strong><\/p>\n<\/li>\n<li data-start=\"1249\" data-end=\"1267\">\n<p data-start=\"1251\" data-end=\"1267\"><strong data-start=\"1251\" data-end=\"1265\">Jordb\u00e6r<\/strong><\/p>\n<\/li>\n<li data-start=\"1268\" data-end=\"1280\">\n<p data-start=\"1270\" data-end=\"1280\"><strong data-start=\"1270\" data-end=\"1280\">Yoghurt<\/strong><\/p>\n<\/li>\n<\/ul>\n<p data-start=\"1282\" data-end=\"1415\">Bland og match frugter for et livligt og sundt s\u00e6t \u2013 eller tilf\u00f8j et s\u00f8dt twist med vores dessertinspirerede muligheder. Det er helt op til dig.<\/p>\n<h2 data-start=\"1417\" data-end=\"1454\">Hvorfor v\u00e6lge 4 Mix-sortimentet?<\/h2>\n<p data-start=\"1455\" data-end=\"1780\">Denne pakke, der kan tilpasses, er ideel til gavegivning, rejser eller blot til at fork\u00e6le dig selv med en varieret snackrutine. Uanset om du har lyst til noget spr\u00f8dt, cremet, tropisk eller l\u00e6kkert, tilpasser dette sortiment sig din smag. V\u00e6lg den portionsst\u00f8rrelse, der passer til dine behov \u2013 fra individuelle portioner til essentielle ting fra dit spisekammer.<\/p>\n<p data-start=\"1782\" data-end=\"1888\">G\u00f8r snacktiden til din egen med 4 Mix-sortimentet \u2013 fleksibelt, smagfuldt og designet til at passe til din livsstil.<\/p>\n","protected":false},"excerpt":{"rendered":"<p>Oplev den perfekte personlige snackoplevelse Med 4 Mix-sortimentet kan du sammens\u00e6tte din egen unikke blanding af smag og n\u00e6ring ved at v\u00e6lge 4 varianter fra vores premium-kollektion af frugter og godbidder. Dette brugerdefinerede sortiment f\u00e5s i 50 g, 250 g eller 1000 g og er perfekt til dem, der \u00f8nsker b\u00e5de valgfrihed og bekvemmelighed \u2013 [&#8230;]\n","protected":false},"featured_media":3256,"comment_status":"open","ping_status":"closed","template":"","meta":[],"product_brand":[],"product_cat":[97,102,103],"product_tag":[],"class_list":{"0":"post-3463","1":"product","2":"type-product","3":"status-publish","4":"has-post-thumbnail","6":"product_cat-frugt","7":"product_cat-is","8":"product_cat-yoghurt","10":"first","11":"instock","12":"sale","13":"shipping-taxable","14":"purchasable","15":"product-type-variable","16":"has-default-attributes"},"_links":{"self":[{"href":"https:\/\/crunchlab.dk\/da\/wp-json\/wp\/v2\/product\/3463","targetHints":{"allow":["GET"]}}],"collection":[{"href":"https:\/\/crunchlab.dk\/da\/wp-json\/wp\/v2\/product"}],"about":[{"href":"https:\/\/crunchlab.dk\/da\/wp-json\/wp\/v2\/types\/product"}],"replies":[{"embeddable":true,"href":"https:\/\/crunchlab.dk\/da\/wp-json\/wp\/v2\/comments?post=3463"}],"wp:featuredmedia":[{"embeddable":true,"href":"https:\/\/crunchlab.dk\/da\/wp-json\/wp\/v2\/media\/3256"}],"wp:attachment":[{"href":"https:\/\/crunchlab.dk\/da\/wp-json\/wp\/v2\/media?parent=3463"}],"wp:term":[{"taxonomy":"product_brand","embeddable":true,"href":"https:\/\/crunchlab.dk\/da\/wp-json\/wp\/v2\/product_brand?post=3463"},{"taxonomy":"product_cat","embeddable":true,"href":"https:\/\/crunchlab.dk\/da\/wp-json\/wp\/v2\/product_cat?post=3463"},{"taxonomy":"product_tag","embeddable":true,"href":"https:\/\/crunchlab.dk\/da\/wp-json\/wp\/v2\/product_tag?post=3463"}],"curies":[{"name":"wp","href":"https:\/\/api.w.org\/{rel}","templated":true}]}}